{"id":17532,"date":"2024-04-10T13:24:20","date_gmt":"2024-04-10T11:24:20","guid":{"rendered":"http:\/\/www.pcbassavaldicecina.it\/?page_id=17532"},"modified":"2024-08-14T11:17:47","modified_gmt":"2024-08-14T09:17:47","slug":"cose-il-rischio","status":"publish","type":"page","link":"https:\/\/www.pcbassavaldicecina.it\/?page_id=17532","title":{"rendered":"Cos&#8217;\u00e8 il rischio?"},"content":{"rendered":"<p><span style=\"font-family: tahoma, arial, helvetica, sans-serif;\">Conoscere quali sono i rischi presenti sul proprio territorio \u00e8 il primo passo per poterli affrontare.<\/span><\/p>\n<p><span style=\"font-family: tahoma, arial, helvetica, sans-serif;\"><strong>Ma cosa \u00e8 il rischio?<\/strong> Spesso usiamo il termine &#8220;rischio&#8221; come sinonimo di &#8220;pericolo&#8221; ma in realt\u00e0 sono concetti diversi, seppur legati fra di loro!<\/span><\/p>\n<p style=\"text-align: justify;\"><span style=\"font-family: tahoma, arial, helvetica, sans-serif;\">Il <strong>rischio<\/strong> \u00e8 rappresentato dalla possibilit\u00e0 che un fenomeno naturale, o indotto dalle attivit\u00e0 dell\u2019uomo, possa causare effetti dannosi sulla popolazione, gli insediamenti abitativi e produttivi e le infrastrutture, all\u2019interno di una particolare area, in un determinato periodo di tempo.<\/span><\/p>\n<p style=\"text-align: center;\"><span style=\"font-family: tahoma, arial, helvetica, sans-serif;\"><strong>RISCHIO \u2260 PERICOLO<\/strong><\/span><\/p>\n<p style=\"text-align: justify;\"><span style=\"font-family: tahoma, arial, helvetica, sans-serif;\"><strong>Rischio<\/strong> e <strong>pericolo<\/strong> non sono dunque la stessa cosa: il pericolo \u00e8 rappresentato dall&#8217;evento calamitoso che pu\u00f2 colpire una certa area (la causa), il rischio \u00e8 rappresentato dalle sue possibili conseguenze, cio\u00e8 dal danno che ci si pu\u00f2 attendere (l\u2019effetto).<\/span><\/p>\n<p style=\"text-align: justify;\"><span style=\"font-family: tahoma, arial, helvetica, sans-serif;\">Per valutare concretamente un rischio, quindi, non \u00e8 sufficiente conoscere il pericolo, ma occorre anche stimare attentamente il valore esposto, cio\u00e8 i beni presenti sul territorio che possono essere coinvolti da un evento, e la loro vulnerabilit\u00e0.<\/span><\/p>\n<p><span style=\"font-family: tahoma, arial, helvetica, sans-serif;\">Il rischio quindi \u00e8 traducibile nella formula:<\/span><\/p>\n<p style=\"text-align: center;\"><span style=\"font-family: tahoma, arial, helvetica, sans-serif;\"><strong>R = P x V x E<\/strong><\/span><\/p>\n<p style=\"text-align: center;\"><span style=\"font-family: tahoma, arial, helvetica, sans-serif;\"><strong>RISCHIO = PERICOLOSIT\u00c0 x VULNERABILIT\u00c0 x ESPOSIZIONE<\/strong><\/span><\/p>\n<p style=\"text-align: left;\"><span style=\"font-family: tahoma, arial, helvetica, sans-serif;\"><strong><br \/>\nPericolosit\u00e0 = <\/strong>\u00a0la probabilit\u00e0 che un fenomeno di una determinata intensit\u00e0 si verifichi in un certo periodo di tempo, in una data area.<\/span><br \/>\n<span style=\"font-family: tahoma, arial, helvetica, sans-serif;\"><strong>Vulnerabilit\u00e0<\/strong> = la vulnerabilit\u00e0 di un elemento (persone, edifici, infrastrutture, attivit\u00e0 economiche) \u00e8 la propensione a subire danneggiamenti in conseguenza delle sollecitazioni indotte da un evento di una certa intensit\u00e0.<\/span><br \/>\n<span style=\"font-family: tahoma, arial, helvetica, sans-serif;\"><strong>Esposizione<\/strong> o <strong>valore esposto<\/strong> = \u00e8 il numero di unit\u00e0, o il valore, di ognuno degli elementi a rischio presenti in una data area, come le vite umane o gli insediamenti.<\/span><\/p>\n<hr \/>\n<p><span style=\"font-family: tahoma, arial, helvetica, sans-serif;\"><strong>Quali sono i rischi del nostro territorio?<\/strong><\/span><\/p>\n<p><a href=\"http:\/\/www.pcbassavaldicecina.it\/?p=17976\"><span style=\"font-family: tahoma, arial, helvetica, sans-serif;\">Rischio meteo-idro<\/span><\/a><\/p>\n<p><span style=\"font-family: tahoma, arial, helvetica, sans-serif;\"><a href=\"http:\/\/www.pcbassavaldicecina.it\/?p=17950\">Rischio sismico<\/a><\/span><\/p>\n<p><span style=\"font-family: tahoma, arial, helvetica, sans-serif;\"><a href=\"http:\/\/www.pcbassavaldicecina.it\/?p=17938\">Rischio incendi boschivi<\/a><\/span><\/p>\n<p><span style=\"font-family: tahoma, arial, helvetica, sans-serif;\"><a href=\"http:\/\/www.pcbassavaldicecina.it\/?p=17925\">Rischio maremoto<\/a><\/span><\/p>\n<p><span style=\"font-family: tahoma, arial, helvetica, sans-serif;\"><a href=\"http:\/\/www.pcbassavaldicecina.it\/?p=5660\">Rischio industriale di incidente rilevante<\/a><\/span><\/p>\n<p><a href=\"http:\/\/www.pcbassavaldicecina.it\/?p=17964\"><span style=\"font-family: tahoma, arial, helvetica, sans-serif;\">Rischio diga<\/span><\/a><\/p>\n<p>&nbsp;<\/p>\n","protected":false},"excerpt":{"rendered":"<p>Conoscere quali sono i rischi presenti sul proprio territorio \u00e8 il primo passo per poterli affrontare.<\/p>\n","protected":false},"author":3,"featured_media":0,"parent":0,"menu_order":0,"comment_status":"closed","ping_status":"closed","template":"page-nosidebar.php","meta":{"_acf_changed":false,"footnotes":""},"tags":[],"class_list":["post-17532","page","type-page","status-publish","hentry"],"acf":[],"_links":{"self":[{"href":"https:\/\/www.pcbassavaldicecina.it\/index.php?rest_route=\/wp\/v2\/pages\/17532","targetHints":{"allow":["GET"]}}],"collection":[{"href":"https:\/\/www.pcbassavaldicecina.it\/index.php?rest_route=\/wp\/v2\/pages"}],"about":[{"href":"https:\/\/www.pcbassavaldicecina.it\/index.php?rest_route=\/wp\/v2\/types\/page"}],"author":[{"embeddable":true,"href":"https:\/\/www.pcbassavaldicecina.it\/index.php?rest_route=\/wp\/v2\/users\/3"}],"replies":[{"embeddable":true,"href":"https:\/\/www.pcbassavaldicecina.it\/index.php?rest_route=%2Fwp%2Fv2%2Fcomments&post=17532"}],"version-history":[{"count":0,"href":"https:\/\/www.pcbassavaldicecina.it\/index.php?rest_route=\/wp\/v2\/pages\/17532\/revisions"}],"wp:attachment":[{"href":"https:\/\/www.pcbassavaldicecina.it\/index.php?rest_route=%2Fwp%2Fv2%2Fmedia&parent=17532"}],"wp:term":[{"taxonomy":"post_tag","embeddable":true,"href":"https:\/\/www.pcbassavaldicecina.it\/index.php?rest_route=%2Fwp%2Fv2%2Ftags&post=17532"}],"curies":[{"name":"wp","href":"https:\/\/api.w.org\/{rel}","templated":true}]}}