{"id":17584,"date":"2024-04-11T15:56:35","date_gmt":"2024-04-11T13:56:35","guid":{"rendered":"http:\/\/www.pcbassavaldicecina.it\/?page_id=17584"},"modified":"2024-04-18T13:24:37","modified_gmt":"2024-04-18T11:24:37","slug":"il-centro-intercomunale","status":"publish","type":"page","link":"https:\/\/www.pcbassavaldicecina.it\/?page_id=17584","title":{"rendered":"Il Centro Intercomunale"},"content":{"rendered":"<div class=\"wp-block-image\">\r\n<figure class=\"alignleft size-full is-resized\">\n        <section class=\"mt-4 mb-3 image-content italiawp2-img alignnone\">\n            <figure class=\"m-0 p-3 u-background-grey-60\">\n                <img src=\"http:\/\/www.pcbassavaldicecina.it\/wp-content\/uploads\/image-102.png\" class=\"u-sizeFull\" alt=\"\">\n                <figcaption>\n                    <p>Il Centro Intercomunale<\/p><p class=\"u-color-white\"><\/p>\n                <\/figcaption>\n            <\/figure><\/section><\/figure>\r\n<\/div>\r\n\r\n\r\n<p style=\"text-align: justify;\"><span style=\"font-family: helvetica, arial, sans-serif;\">La copertura del territorio e l&#8217;organizzazione delle risorse in tempi rapidi sono due fattori chiave del <strong>servizio di protezione civile<\/strong> per questo i Comuni di Bibbona, Castagneto Carducci, Cecina e Rosignano M.mo si sono riuniti nell&#8217;<strong>Ufficio Comune<\/strong> <strong>di Protezione Civile della Bassa Val di Cecina<\/strong> tramite convezione approvata nel 2015.<\/span><\/p>\r\n<p><span style=\"font-family: helvetica, arial, sans-serif;\">\r\n\r\n<\/span><\/p>\r\n<p style=\"text-align: justify;\"><span style=\"font-family: helvetica, arial, sans-serif;\">L&#8217;<strong>Ufficio Comune<\/strong> esercita a livello intercomunale la funzione di <strong>Centro Situazioni (Ce.Si)<\/strong> cio\u00e8 garantisce, in via \u201cordinaria e continuativa\u201d, e quindi anche in situazioni di assenza di emergenza, con <strong>modalit\u00e0 H24 <\/strong>mediante un servizio di reperibilit\u00e0, lo svolgimento di alcune attivit\u00e0 quali: ricezioni allerte meteo e segnalazione criticit\u00e0, monitoraggio degli eventi nonch\u00e9 il mantenimento di un costante flusso informativo fra tutti i soggetti che concorrono alle attivit\u00e0 di Protezione Civile.<\/span><\/p>\r\n<p><span style=\"font-family: helvetica, arial, sans-serif;\">\r\n\r\n<\/span><\/p>\r\n<p style=\"text-align: justify;\"><span style=\"font-family: helvetica, arial, sans-serif;\">In riferimento alle attivit\u00e0 di ricevimento e verifica delle segnalazioni circa situazioni di criticit\u00e0, il Ce.Si. si<\/span><br \/><span style=\"font-family: helvetica, arial, sans-serif;\">avvale anche della collaborazione della <strong>centrale operativa H24<\/strong> dell\u2019Organizzazione di Volontariato Pubblica Assistenza di Rosignano Marittimo.<\/span><\/p>\r\n<p><span style=\"font-family: helvetica, arial, sans-serif;\">\r\n\r\n<\/span><\/p>\r\n<p style=\"text-align: justify;\"><span style=\"font-family: helvetica, arial, sans-serif;\">Ogni Comune mantiene comunque la propria autonomia per attivit\u00e0 localizzate e per le responsabilit\u00e0 del Sindaco, cos\u00ec come stabilito dalla normativa. <\/span><br \/><span style=\"font-family: helvetica, arial, sans-serif;\">In caso di emergenza o in previsione di una criticit\u00e0, il <strong>Sindaco<\/strong> \u00e8 responsabile della gestione dell&#8217;emergenza e massima autorit\u00e0 locale e si avvale del <strong>Centro Operativo Comunale (C.O.C.)<\/strong> per la direzione ed il coordinamento dei servizi di soccorso e di assistenza alla popolazione colpita.<\/span><\/p>\r\n<p><span style=\"font-family: helvetica, arial, sans-serif;\">\r\n\r\n<\/span><\/p>\r\n<p style=\"text-align: justify;\"><span style=\"font-family: helvetica, arial, sans-serif;\">L\u2019Ufficio Comune di Protezione Civile Bassa Val di Cecina, in fase di emergenza, esercita la funzione di <strong>Centro Operativo Intercomunale di Supporto (C.I.S.)<\/strong> coordinando le attivit\u00e0 e supportando i Sindaci e gli uffici di protezione civile comunali.<\/span><\/p>\r\n<p><span style=\"font-family: helvetica, arial, sans-serif;\">\r\n\r\n<\/span><\/p>\r\n<p style=\"text-align: justify;\"><br \/><span style=\"font-family: helvetica, arial, sans-serif;\">La funzionalit\u00e0 del <strong>Centro Operativo Intercomunale di Supporto (C.I.S.)<\/strong> \u00e8 garantita dall&#8217;Ente capofila che, ad ora, \u00e8 il Comune di Rosignano Marittimo.<\/span><\/p>\r\n\r\n\r\n\r\n<p>&nbsp;<\/p>\r\n\r\n\r\n\r\n<p>&nbsp;<\/p>\r\n","protected":false},"excerpt":{"rendered":"<p>La copertura del territorio e l&#8217;organizzazione delle risorse in tempi rapidi sono due fattori chiave del servizio di protezione civile per questo i Comuni di Bibbona, Castagneto Carducci, Cecina e Rosignano M.<\/p>\n","protected":false},"author":3,"featured_media":0,"parent":0,"menu_order":0,"comment_status":"closed","ping_status":"closed","template":"page-nosidebar.php","meta":{"_acf_changed":false,"footnotes":""},"tags":[],"class_list":["post-17584","page","type-page","status-publish","hentry"],"acf":[],"_links":{"self":[{"href":"https:\/\/www.pcbassavaldicecina.it\/index.php?rest_route=\/wp\/v2\/pages\/17584","targetHints":{"allow":["GET"]}}],"collection":[{"href":"https:\/\/www.pcbassavaldicecina.it\/index.php?rest_route=\/wp\/v2\/pages"}],"about":[{"href":"https:\/\/www.pcbassavaldicecina.it\/index.php?rest_route=\/wp\/v2\/types\/page"}],"author":[{"embeddable":true,"href":"https:\/\/www.pcbassavaldicecina.it\/index.php?rest_route=\/wp\/v2\/users\/3"}],"replies":[{"embeddable":true,"href":"https:\/\/www.pcbassavaldicecina.it\/index.php?rest_route=%2Fwp%2Fv2%2Fcomments&post=17584"}],"version-history":[{"count":0,"href":"https:\/\/www.pcbassavaldicecina.it\/index.php?rest_route=\/wp\/v2\/pages\/17584\/revisions"}],"wp:attachment":[{"href":"https:\/\/www.pcbassavaldicecina.it\/index.php?rest_route=%2Fwp%2Fv2%2Fmedia&parent=17584"}],"wp:term":[{"taxonomy":"post_tag","embeddable":true,"href":"https:\/\/www.pcbassavaldicecina.it\/index.php?rest_route=%2Fwp%2Fv2%2Ftags&post=17584"}],"curies":[{"name":"wp","href":"https:\/\/api.w.org\/{rel}","templated":true}]}}