{"id":17604,"date":"2024-04-17T13:05:29","date_gmt":"2024-04-17T11:05:29","guid":{"rendered":"http:\/\/www.pcbassavaldicecina.it\/?page_id=17604"},"modified":"2025-08-08T13:01:35","modified_gmt":"2025-08-08T11:01:35","slug":"contatti","status":"publish","type":"page","link":"https:\/\/www.pcbassavaldicecina.it\/?page_id=17604","title":{"rendered":"Contatti"},"content":{"rendered":"<h2 style=\"text-align: center;\"><span style=\"font-family: helvetica, arial, sans-serif; font-size: 18pt; color: #ff6600;\"><strong><b>UFFICIO COMUNE DI PROTEZIONE CIVILE &#8211; <\/b><\/strong><strong><b>CENTRO SITUAZIONI (Ce.Si)<\/b><\/strong><\/span><\/h2>\n<p style=\"text-align: center;\"><span style=\"font-family: helvetica, arial, sans-serif;\">Via Gramsci, 80 \u2013 57016 \u2013 Rosignano Marittimo (LI)<\/span><\/p>\n<h2 align=\"center\"><span style=\"color: #0000ff; font-family: helvetica, arial, sans-serif;\"><b>Centralino H24 c\/o ANPAS <\/b><\/span><\/h2>\n<h2 align=\"center\"><span style=\"color: #0000ff; font-family: helvetica, arial, sans-serif;\"><b>0586 792929<\/b><\/span><\/h2>\n<p>&nbsp;<\/p>\n<p><span style=\"font-family: helvetica, arial, sans-serif;\">dal Luned\u00ec al Venerd\u00ec, in orario ufficio, \u00e8 possibile contattare:<\/span><\/p>\n<p><span style=\"font-family: helvetica, arial, sans-serif;\">0586 724267 (Ufficio PC) \u2013 0586 724474 (P.M. Rosignano)<\/span><\/p>\n<p>&nbsp;<\/p>\n<h2 style=\"text-align: center;\"><span style=\"font-family: helvetica, arial, sans-serif; color: #ff6600; font-size: 18pt;\"><b>C<\/b><b>ENTRI OPERATIVI COMUNALI <\/b><b>(C.O.C.)<\/b><\/span><\/h2>\n<h4><span style=\"font-family: helvetica, arial, sans-serif;\">Comune di Rosignano Marittimo<\/span><\/h4>\n<p><span style=\"font-family: helvetica, arial, sans-serif;\">Sala Polizia Municipale Piazza del Mercato, 1 \u2013 Rosignano Solvay (LI)<\/span><\/p>\n<p><span style=\"font-family: helvetica, arial, sans-serif;\">tel. 0586 724474 \u2013 0586 724701<\/span><\/p>\n<h4><span style=\"font-family: helvetica, arial, sans-serif;\">Comune di Cecina<\/span><\/h4>\n<p><span style=\"font-family: helvetica, arial, sans-serif; font-size: 12pt;\">Piazza Carducci, 28 \u2013 Cecina (LI)<\/span><\/p>\n<p><span style=\"font-family: helvetica, arial, sans-serif; font-size: 12pt;\">tel. 0586 681923<\/span><\/p>\n<h4><span style=\"font-family: helvetica, arial, sans-serif;\">Comune di\u00a0 Bibbona<\/span><\/h4>\n<p><span style=\"font-family: helvetica, arial, sans-serif; font-size: 12pt;\">Piazza Colombo, 1 \u2013 Bibbona (LI)<\/span><\/p>\n<p><span style=\"font-family: helvetica, arial, sans-serif; font-size: 12pt;\">tel. 0586 672226<\/span><\/p>\n<h4><span style=\"font-family: helvetica, arial, sans-serif;\">Comune di Castagneto Carducci<\/span><\/h4>\n<p><span style=\"font-family: helvetica, arial, sans-serif; font-size: 12pt;\">Via del Fosso, Donoratico (LI)<\/span><\/p>\n<p><span style=\"font-family: helvetica, arial, sans-serif; font-size: 12pt;\">tel. 0565 777111<\/span><\/p>\n<p>&nbsp;<\/p>\n<h2 style=\"text-align: center;\"><span style=\"font-family: helvetica, arial, sans-serif; color: #ff6600; font-size: 18pt;\"><b>SALA OPERATIVA CENTRO INTERCOMUNALE<\/b><\/span><\/h2>\n<p style=\"text-align: center;\"><span style=\"font-family: helvetica, arial, sans-serif;\"><b><span style=\"font-size: medium;\">\u00a0<\/span><\/b><i><\/i><strong><span style=\"font-size: medium;\"><i>(aperta solo in caso di emergenza)<\/i><\/span><\/strong><\/span><\/p>\n<p style=\"text-align: center;\"><span style=\"font-family: helvetica, arial, sans-serif;\">Via Pel di Lupo, 35 \u2013 57016 &#8211; Rosignano Marittimo (LI) c\/o ANPAS <\/span><\/p>\n<p style=\"text-align: center;\" align=\"left\"><span style=\"font-family: helvetica, arial, sans-serif; font-size: 14pt;\"><b>tel. 0586 792929 \u2013 0586 764771<\/b><\/span><\/p>\n<hr \/>\n<h4 class=\"titolo title\" style=\"text-align: center;\"><span style=\"font-family: helvetica, arial, sans-serif; font-size: 14pt;\">Attivo in tutta la Toscana il numero unico europeo per le emergenze!<\/span><\/h4>\n<p style=\"text-align: center;\" align=\"justify\"><span style=\"font-family: helvetica, arial, sans-serif;\">Il <span style=\"color: #ff0000;\"><strong>Nue 112<\/strong><\/span> (<a href=\"https:\/\/toscana-accessibile.it\/-\/attivo-in-tutta-la-toscana-il-numero-unico-europeo-per-le-emergenze-112\">Numero unico di emergenza 112<\/a>) \u00e8 il servizio che permette, digitando un unico numero, di richiedere l\u2019intervento <\/span><\/p>\n<p style=\"text-align: center;\" align=\"justify\"><span style=\"font-family: helvetica, arial, sans-serif;\">della Polizia di Stato, dei Carabinieri, dei Vigili del Fuoco o del Soccorso Sanitario. <\/span><\/p>\n<p style=\"text-align: center;\" align=\"justify\"><span style=\"font-family: helvetica, arial, sans-serif;\">\n        <section class=\"mt-4 mb-3 image-content italiawp2-img aligncenter\">\n            <figure class=\"m-0 p-3 u-background-grey-60\">\n                <img src=\"http:\/\/www.pcbassavaldicecina.it\/wp-content\/uploads\/112.png\" class=\"u-sizeFull\" alt=\"\">\n                <figcaption>\n                    <p>Contatti<\/p><p class=\"u-color-white\"><\/p>\n                <\/figcaption>\n            <\/figure><\/section>\u00a0<\/span><\/p>\n<p style=\"text-align: center;\" align=\"justify\"><span style=\"font-family: helvetica, arial, sans-serif;\">Se avvistate un principio <strong>d&#8217;incendio di bosco<\/strong> chiamate subito<\/span><\/p>\n<p style=\"text-align: center;\" align=\"justify\"><span style=\"font-family: helvetica, arial, sans-serif;\"> il Numero Verde di emergenza<span style=\"color: #339966;\"><strong> 800 425 425<\/strong><\/span> <\/span><\/p>\n<p style=\"text-align: center;\" align=\"justify\"><span style=\"font-family: helvetica, arial, sans-serif;\">della Sala Operativa Unificata Permanente (SOUP)<\/span><\/p>\n<p align=\"justify\"><span style=\"font-family: helvetica, arial, sans-serif;\">\n        <section class=\"mt-4 mb-3 image-content italiawp2-img aligncenter\">\n            <figure class=\"m-0 p-3 u-background-grey-60\">\n                <img src=\"http:\/\/www.pcbassavaldicecina.it\/wp-content\/uploads\/numero-soup.png\" class=\"u-sizeFull\" alt=\"\">\n                <figcaption>\n                    <p>Contatti<\/p><p class=\"u-color-white\"><\/p>\n                <\/figcaption>\n            <\/figure><\/section><\/span><\/p>\n","protected":false},"excerpt":{"rendered":"<p>UFFICIO COMUNE DI PROTEZIONE CIVILE &#8211; CENTRO SITUAZIONI (Ce.<\/p>\n","protected":false},"author":3,"featured_media":0,"parent":0,"menu_order":0,"comment_status":"closed","ping_status":"closed","template":"page-nosidebar.php","meta":{"_acf_changed":false,"footnotes":""},"tags":[],"class_list":["post-17604","page","type-page","status-publish","hentry"],"acf":[],"_links":{"self":[{"href":"https:\/\/www.pcbassavaldicecina.it\/index.php?rest_route=\/wp\/v2\/pages\/17604","targetHints":{"allow":["GET"]}}],"collection":[{"href":"https:\/\/www.pcbassavaldicecina.it\/index.php?rest_route=\/wp\/v2\/pages"}],"about":[{"href":"https:\/\/www.pcbassavaldicecina.it\/index.php?rest_route=\/wp\/v2\/types\/page"}],"author":[{"embeddable":true,"href":"https:\/\/www.pcbassavaldicecina.it\/index.php?rest_route=\/wp\/v2\/users\/3"}],"replies":[{"embeddable":true,"href":"https:\/\/www.pcbassavaldicecina.it\/index.php?rest_route=%2Fwp%2Fv2%2Fcomments&post=17604"}],"version-history":[{"count":0,"href":"https:\/\/www.pcbassavaldicecina.it\/index.php?rest_route=\/wp\/v2\/pages\/17604\/revisions"}],"wp:attachment":[{"href":"https:\/\/www.pcbassavaldicecina.it\/index.php?rest_route=%2Fwp%2Fv2%2Fmedia&parent=17604"}],"wp:term":[{"taxonomy":"post_tag","embeddable":true,"href":"https:\/\/www.pcbassavaldicecina.it\/index.php?rest_route=%2Fwp%2Fv2%2Ftags&post=17604"}],"curies":[{"name":"wp","href":"https:\/\/api.w.org\/{rel}","templated":true}]}}